{"id":990,"date":"2015-05-18T16:56:07","date_gmt":"2015-05-18T16:56:07","guid":{"rendered":"http:\/\/shakespeareargentina.org\/wpx\/?page_id=990"},"modified":"2016-07-12T12:24:16","modified_gmt":"2016-07-12T12:24:16","slug":"give-to-the-fsa","status":"publish","type":"page","link":"https:\/\/shakespeareargentina.org\/en\/give-to-the-fsa\/","title":{"rendered":"Give to the FSA"},"content":{"rendered":"<h2><span style=\"color: #3366ff;\">Give to the FSA <\/span><\/h2>\n<p>The Fundaci\u00f3n Shakespeare Argentina, the first of its kind in Argentina, seeks to stimulate, encourage and spread information about Shakespeare in our society so that this and future generations in Argentina may enjoy, interpret, and better appreciate this icon of universal culture. We rely on the generosity of families, corporations, and individuals to maintain this website and continue to organize and promote activities to support and encourage Shakespeare research and performance in the Republic of Argentina. Support the FSA today and ensure that our vital institution continues to provide a forum for the exploration of Shakespeare in Argentina and is able to forge international relationships to celebrate this beacon of universal culture for years to come.<\/p>\n<p>If your business would like to collaborate or sponsor one of our activities, please contact us by sending an email to info@shakespeareargentina.org.<\/p>\n<p>If you would like to make a donation to the FSA, you can do so through the following options:<\/p>\n<h3>Donaronline<\/h3>\n<p><a href=\"https:\/\/donaronline.org\/fundacion-shakespeare-argentina\/colabora-con-la-fundacion-shakespeare-argentina\"><img loading=\"lazy\" decoding=\"async\" class=\"alignnone wp-image-1844\" src=\"http:\/\/shakespeareargentina.org\/wpx\/wp-content\/uploads\/2015\/05\/donaronline.jpg\" alt=\"donaronline\" width=\"400\" height=\"120\" srcset=\"https:\/\/shakespeareargentina.org\/wpx\/wp-content\/uploads\/2015\/05\/donaronline.jpg 600w, https:\/\/shakespeareargentina.org\/wpx\/wp-content\/uploads\/2015\/05\/donaronline-300x90.jpg 300w\" sizes=\"(max-width: 400px) 100vw, 400px\" \/><\/a><\/p>\n<p>You can support us online with either a one-time donation or a monthly contribution of your choosing through this secure portal. Simply click the logo to donate.<\/p>\n<h3>Pagomiscuentas<\/h3>\n<p><a href=\"http:\/\/www.pagomiscuentas.com\"><img loading=\"lazy\" decoding=\"async\" class=\"alignnone wp-image-1808\" src=\"http:\/\/shakespeareargentina.org\/wpx\/wp-content\/uploads\/2015\/05\/pago-mis-cuentas-300x37.jpg\" alt=\"pago-mis-cuentas\" width=\"400\" height=\"49\" srcset=\"https:\/\/shakespeareargentina.org\/wpx\/wp-content\/uploads\/2015\/05\/pago-mis-cuentas-300x37.jpg 300w, https:\/\/shakespeareargentina.org\/wpx\/wp-content\/uploads\/2015\/05\/pago-mis-cuentas.jpg 731w\" sizes=\"(max-width: 400px) 100vw, 400px\" \/><\/a><\/p>\n<p>You could also make a contribution through the internet or Banelco (the national web of ATMS) tellers if you use one of the following banks, CitiBank, Banco Colombia, Banco Comafi,\u00a0 BBVA Franc\u00e9s, Galicia, HSBC, Ita\u00fa, Macro, BancoPatagonia, Santander R\u00edo, Supervielle, ICBC, Banco Tucum\u00e1n, Efectivo Si, Banco del Sol, or Banco Republica.<\/p>\n<p><strong>Internet<\/strong>: Go to www.pagomiscuentas.com or select the option \u201cPago de Servicio\u201d (Service Payment) on the Home Banking page of your online banking site. Select \u201cDonation\u201d and the <strong>Fund Shakespeare Argentina <\/strong>as the business. Enter the Tax ID Number (\u201cCUIT\u201d) 30-71198565-0. Then, select the account and confirm the transfer. Finally, save the receipt on your computer or print it for your records.<\/p>\n<p><strong>ATMs: <\/strong>Enter your pin and select the menu option \u201cpagomiscuentas.\u201d Select \u201cDonations\u201d and the <strong>Fund Shakespeare Argentina <\/strong>as the business. Enter the Tax ID Number (\u201cCUIT\u201d) 30-71198565-0. Confirm the transfer payment. Please request and save the receipt for your records.<\/p>\n<p>When you have made your contribution, please email us a receipt at info@sakespeareargentina.org<\/p>\n<p><a href=\"http:\/\/shakespeareargentina.org\/wpx\/wp-content\/uploads\/2015\/05\/Secuencia-de-pantallas-para-realizar-un-pago.pdf\">Ver instructivo Pagomiscuentas<\/a>\u00a0(Read the Pagomiscuentas manual)<\/p>\n<h3>VISA<\/h3>\n<p>Go to www.visa.com.ar, and click on \u201cVisa HOME\u201d and select your card. Go to \u201cServicio de Pagos Visa\u201d (Visa Service Payments) and select \u201cPagar-Impuestos y Servicios\u201d (Pay-Taxes and Services). The FSA\u2019s identification number is 1051076.<\/p>\n<p>Please email us the receipt of your contribution at info@shakespeareargentina.org.<\/p>\n<p><a href=\"http:\/\/shakespeareargentina.org\/wpx\/wp-content\/uploads\/2015\/05\/Nuevo-Instructivo-SPV.pdf\">Ver Instructivo VISA<\/a>\u00a0(See the Visa manual)<\/p>\n<h3>Bank Deposit or Wire Transfer<\/h3>\n<p>Our bank information is as follows:<\/p>\n<p>Bank: Banco Ciudad<br \/>\nAccount name: Fundaci\u00f3n Cultural William Shakespeare para la difusi\u00f3n de su vida y obra en la Rep\u00fablica Argentina<br \/>\nAccount Type: Checking account (in Argentine Pesos)<br \/>\nAccount Number: 000000170000034265<\/p>\n<p>Bank Account ID Number (\u201cCBU\u201d): 0290017900000000342650<\/p>\n<p>Tax ID Number (\u201cCUIT\u201d): 30-71198565-0<\/p>\n<p>When you have made your contribution, please send us the receipt at infor@shakespeareargentina.org.<\/p>\n<p><span style=\"line-height: 1.5;\">If you would like to know more about donating in Argentina, we suggest that you read the following guide: <\/span><a style=\"line-height: 1.5;\" href=\"http:\/\/shakespeareargentina.org\/wpx\/wp-content\/uploads\/2015\/05\/GUIA-DE-DONACIONES-Final.pdf\" target=\"_blank\">AEDROS &#8211; Gu\u00eda para realizar donaciones<\/a><\/p>\n<p>Your donation may be tax deductible.<\/p>\n","protected":false},"excerpt":{"rendered":"<p>Give to the FSA The Fundaci\u00f3n Shakespeare Argentina, the first of its kind in Argentina, seeks to stimulate, encourage and spread information about Shakespeare in our society so that this and future generations in Argentina may enjoy, interpret, and better appreciate this icon of universal culture. We rely on the generosity of families, corporations, and [&hellip;]<\/p>\n","protected":false},"author":1,"featured_media":0,"parent":0,"menu_order":0,"comment_status":"open","ping_status":"closed","template":"","meta":{"footnotes":""},"class_list":["post-990","page","type-page","status-publish"],"jetpack_sharing_enabled":true,"jetpack_shortlink":"https:\/\/wp.me\/P6elWy-fY","_links":{"self":[{"href":"https:\/\/shakespeareargentina.org\/en\/wp-json\/wp\/v2\/pages\/990"}],"collection":[{"href":"https:\/\/shakespeareargentina.org\/en\/wp-json\/wp\/v2\/pages"}],"about":[{"href":"https:\/\/shakespeareargentina.org\/en\/wp-json\/wp\/v2\/types\/page"}],"author":[{"embeddable":true,"href":"https:\/\/shakespeareargentina.org\/en\/wp-json\/wp\/v2\/users\/1"}],"replies":[{"embeddable":true,"href":"https:\/\/shakespeareargentina.org\/en\/wp-json\/wp\/v2\/comments?post=990"}],"version-history":[{"count":5,"href":"https:\/\/shakespeareargentina.org\/en\/wp-json\/wp\/v2\/pages\/990\/revisions"}],"predecessor-version":[{"id":3219,"href":"https:\/\/shakespeareargentina.org\/en\/wp-json\/wp\/v2\/pages\/990\/revisions\/3219"}],"wp:attachment":[{"href":"https:\/\/shakespeareargentina.org\/en\/wp-json\/wp\/v2\/media?parent=990"}],"curies":[{"name":"wp","href":"https:\/\/api.w.org\/{rel}","templated":true}]}}